{"id":250,"date":"2024-02-08T21:05:59","date_gmt":"2024-02-08T21:05:59","guid":{"rendered":"https:\/\/azconsultora.com.ar\/?page_id=250"},"modified":"2024-02-15T19:17:04","modified_gmt":"2024-02-15T19:17:04","slug":"members","status":"publish","type":"page","link":"https:\/\/azconsultora.com.ar\/index.php\/en\/members\/","title":{"rendered":"Members"},"content":{"rendered":"\t\t<div data-elementor-type=\"wp-page\" data-elementor-id=\"250\" class=\"elementor elementor-250\" data-elementor-post-type=\"page\">\n\t\t\t\t<div class=\"elementor-element elementor-element-46ec89a e-con-full e-flex e-con e-parent\" data-id=\"46ec89a\" data-element_type=\"container\">\n\t\t<div class=\"elementor-element elementor-element-9cc150a e-con-full e-flex e-con e-child\" data-id=\"9cc150a\" data-element_type=\"container\" data-settings=\"{&quot;background_background&quot;:&quot;classic&quot;}\">\n\t\t\t\t<\/div>\n\t\t<div class=\"elementor-element elementor-element-f1def65 e-con-full e-flex e-con e-child\" data-id=\"f1def65\" data-element_type=\"container\" data-settings=\"{&quot;background_background&quot;:&quot;classic&quot;}\">\n\t\t\t\t<\/div>\n\t\t\t\t<\/div>\n\t\t<div class=\"elementor-element elementor-element-f273e98 e-flex e-con-boxed e-con e-parent\" data-id=\"f273e98\" data-element_type=\"container\">\n\t\t\t\t\t<div class=\"e-con-inner\">\n\t\t<div class=\"elementor-element elementor-element-f4bd350 e-con-full e-flex e-con e-child\" data-id=\"f4bd350\" data-element_type=\"container\">\n\t\t\t\t<div class=\"elementor-element elementor-element-95a1062 elementor-widget elementor-widget-heading\" data-id=\"95a1062\" data-element_type=\"widget\" data-widget_type=\"heading.default\">\n\t\t\t\t<div class=\"elementor-widget-container\">\n\t\t\t<style>\/*! elementor - v3.23.0 - 15-07-2024 *\/\n.elementor-heading-title{padding:0;margin:0;line-height:1}.elementor-widget-heading .elementor-heading-title[class*=elementor-size-]>a{color:inherit;font-size:inherit;line-height:inherit}.elementor-widget-heading .elementor-heading-title.elementor-size-small{font-size:15px}.elementor-widget-heading .elementor-heading-title.elementor-size-medium{font-size:19px}.elementor-widget-heading .elementor-heading-title.elementor-size-large{font-size:29px}.elementor-widget-heading .elementor-heading-title.elementor-size-xl{font-size:39px}.elementor-widget-heading .elementor-heading-title.elementor-size-xxl{font-size:59px}<\/style><h2 class=\"elementor-heading-title elementor-size-default\">Pablo ZALBA<\/h2>\t\t<\/div>\n\t\t\t\t<\/div>\n\t\t\t\t<div class=\"elementor-element elementor-element-a29de99 elementor-widget elementor-widget-text-editor\" data-id=\"a29de99\" data-element_type=\"widget\" data-widget_type=\"text-editor.default\">\n\t\t\t\t<div class=\"elementor-widget-container\">\n\t\t\t<style>\/*! elementor - v3.23.0 - 15-07-2024 *\/\n.elementor-widget-text-editor.elementor-drop-cap-view-stacked .elementor-drop-cap{background-color:#69727d;color:#fff}.elementor-widget-text-editor.elementor-drop-cap-view-framed .elementor-drop-cap{color:#69727d;border:3px solid;background-color:transparent}.elementor-widget-text-editor:not(.elementor-drop-cap-view-default) .elementor-drop-cap{margin-top:8px}.elementor-widget-text-editor:not(.elementor-drop-cap-view-default) .elementor-drop-cap-letter{width:1em;height:1em}.elementor-widget-text-editor .elementor-drop-cap{float:left;text-align:center;line-height:1;font-size:50px}.elementor-widget-text-editor .elementor-drop-cap-letter{display:inline-block}<\/style>\t\t\t\t<p>Agronomic Engineer (Universidad Nacional del Sur).<br \/>Magister in Soil Science (UNS).<br \/>Doctor in Agronomy (UNS).<br \/>Associate Professor (UNS).<\/p><p><strong>Consulting work for:<\/strong><\/p><ul><li>Aeroterra Inc. (Neuba y General San Mart\u00edn gas pipelines in Buenos Aires, La Pampa, Neuqu\u00e9n and R\u00edo Negro).<\/li><\/ul><ul><li>Aguamas Environmental Engineering.<\/li><li>Waters of Buenos Aires Inc.<\/li><li>Bahitek Inc.<\/li><li>Sol de Septiembre farm.<\/li><li>YPF Jun\u00edn.<\/li><li>Ministry of Infrastructure and Public Services, Province of Buenos Aires.<\/li><\/ul>\t\t\t\t\t\t<\/div>\n\t\t\t\t<\/div>\n\t\t\t\t<div class=\"elementor-element elementor-element-8abbf55 elementor-view-default elementor-widget elementor-widget-icon\" data-id=\"8abbf55\" data-element_type=\"widget\" data-widget_type=\"icon.default\">\n\t\t\t\t<div class=\"elementor-widget-container\">\n\t\t\t\t\t<div class=\"elementor-icon-wrapper\">\n\t\t\t<a class=\"elementor-icon\" href=\"https:\/\/www.linkedin.com\/in\/pablo-zalba-104499282\/\" target=\"_blank\">\n\t\t\t<svg aria-hidden=\"true\" class=\"e-font-icon-svg e-fab-linkedin\" viewBox=\"0 0 448 512\" xmlns=\"http:\/\/www.w3.org\/2000\/svg\"><path d=\"M416 32H31.9C14.3 32 0 46.5 0 64.3v383.4C0 465.5 14.3 480 31.9 480H416c17.6 0 32-14.5 32-32.3V64.3c0-17.8-14.4-32.3-32-32.3zM135.4 416H69V202.2h66.5V416zm-33.2-243c-21.3 0-38.5-17.3-38.5-38.5S80.9 96 102.2 96c21.2 0 38.5 17.3 38.5 38.5 0 21.3-17.2 38.5-38.5 38.5zm282.1 243h-66.4V312c0-24.8-.5-56.7-34.5-56.7-34.6 0-39.9 27-39.9 54.9V416h-66.4V202.2h63.7v29.2h.9c8.9-16.8 30.6-34.5 62.9-34.5 67.2 0 79.7 44.3 79.7 101.9V416z\"><\/path><\/svg>\t\t\t<\/a>\n\t\t<\/div>\n\t\t\t\t<\/div>\n\t\t\t\t<\/div>\n\t\t\t\t<\/div>\n\t\t<div class=\"elementor-element elementor-element-4ef1d89 e-con-full e-flex e-con e-child\" data-id=\"4ef1d89\" data-element_type=\"container\">\n\t\t\t\t<div class=\"elementor-element elementor-element-ba12d86 elementor-widget elementor-widget-heading\" data-id=\"ba12d86\" data-element_type=\"widget\" data-widget_type=\"heading.default\">\n\t\t\t\t<div class=\"elementor-widget-container\">\n\t\t\t<h2 class=\"elementor-heading-title elementor-size-default\">Adri\u00e1n ARES<\/h2>\t\t<\/div>\n\t\t\t\t<\/div>\n\t\t\t\t<div class=\"elementor-element elementor-element-2d2b7eb elementor-widget elementor-widget-text-editor\" data-id=\"2d2b7eb\" data-element_type=\"widget\" data-widget_type=\"text-editor.default\">\n\t\t\t\t<div class=\"elementor-widget-container\">\n\t\t\t\t\t\t\t<p>Forestry Engineer (Universidad Nacional de La Plata).<br \/>Magister in Soil Science (UNS).<br \/>Ph.D. in Agronomy and Soil Science (University of Hawaii).<br \/>Research Associate at:<\/p><ul><li>University of Hawaii.<\/li><li>University of Arkansas.<\/li><li>Oregon State University.<\/li><li>Weyerhaeuser Company.<\/li><\/ul><p>Director Sustainable Agriculture and Natural Resource Management Program (SANREM) (Virginia Polytechnic Institute and State University).<\/p><p>Associate Director for Research (University of Guam).<\/p><p><strong>Consulting work for:<\/strong><\/p><ul><li>YMCA (Young Men&#8217;s Christian Association).<\/li><li>Palihue Neighbourhood Association, Bah\u00eda Blanca.<\/li><li>Coronel Pringles County.<\/li><li>Farmer to Farmer Program (USAID) in Lebanon.<\/li><li>United States Forest Service.<\/li><li>Terra Meiga Inc. (Spain).<\/li><\/ul>\t\t\t\t\t\t<\/div>\n\t\t\t\t<\/div>\n\t\t\t\t<div class=\"elementor-element elementor-element-5c9391d elementor-view-default elementor-widget elementor-widget-icon\" data-id=\"5c9391d\" data-element_type=\"widget\" data-widget_type=\"icon.default\">\n\t\t\t\t<div class=\"elementor-widget-container\">\n\t\t\t\t\t<div class=\"elementor-icon-wrapper\">\n\t\t\t<a class=\"elementor-icon\" href=\"https:\/\/www.linkedin.com\/in\/adrian-ares-5a848073\/\" target=\"_blank\">\n\t\t\t<svg aria-hidden=\"true\" class=\"e-font-icon-svg e-fab-linkedin\" viewBox=\"0 0 448 512\" xmlns=\"http:\/\/www.w3.org\/2000\/svg\"><path d=\"M416 32H31.9C14.3 32 0 46.5 0 64.3v383.4C0 465.5 14.3 480 31.9 480H416c17.6 0 32-14.5 32-32.3V64.3c0-17.8-14.4-32.3-32-32.3zM135.4 416H69V202.2h66.5V416zm-33.2-243c-21.3 0-38.5-17.3-38.5-38.5S80.9 96 102.2 96c21.2 0 38.5 17.3 38.5 38.5 0 21.3-17.2 38.5-38.5 38.5zm282.1 243h-66.4V312c0-24.8-.5-56.7-34.5-56.7-34.6 0-39.9 27-39.9 54.9V416h-66.4V202.2h63.7v29.2h.9c8.9-16.8 30.6-34.5 62.9-34.5 67.2 0 79.7 44.3 79.7 101.9V416z\"><\/path><\/svg>\t\t\t<\/a>\n\t\t<\/div>\n\t\t\t\t<\/div>\n\t\t\t\t<\/div>\n\t\t\t\t<\/div>\n\t\t\t\t\t<\/div>\n\t\t\t\t<\/div>\n\t\t<div class=\"elementor-element elementor-element-85565dc e-flex e-con-boxed e-con e-parent\" data-id=\"85565dc\" data-element_type=\"container\">\n\t\t\t\t\t<div class=\"e-con-inner\">\n\t\t\t\t<div class=\"elementor-element elementor-element-5318134 elementor-align-center elementor-widget elementor-widget-button\" data-id=\"5318134\" data-element_type=\"widget\" data-widget_type=\"button.default\">\n\t\t\t\t<div class=\"elementor-widget-container\">\n\t\t\t\t\t<div class=\"elementor-button-wrapper\">\n\t\t\t<a class=\"elementor-button elementor-button-link elementor-size-sm\" href=\"https:\/\/azconsultora.com.ar\">\n\t\t\t\t\t\t<span class=\"elementor-button-content-wrapper\">\n\t\t\t\t\t\t\t\t\t<span class=\"elementor-button-text\">VOLVER<\/span>\n\t\t\t\t\t<\/span>\n\t\t\t\t\t<\/a>\n\t\t<\/div>\n\t\t\t\t<\/div>\n\t\t\t\t<\/div>\n\t\t\t\t\t<\/div>\n\t\t\t\t<\/div>\n\t\t\t\t<\/div>\n\t\t","protected":false},"excerpt":{"rendered":"<p>Pablo ZALBA Agronomic Engineer (Universidad Nacional del Sur).Magister in Soil Science (UNS).Doctor in Agronomy (UNS).Associate Professor (UNS). Consulting work for: Aeroterra Inc. (Neuba y General San Mart\u00edn gas pipelines in Buenos Aires, La Pampa, Neuqu\u00e9n and R\u00edo Negro). Aguamas Environmental Engineering. Waters of Buenos Aires Inc. Bahitek Inc. Sol de Septiembre farm. YPF Jun\u00edn. Ministry [&hellip;]<\/p>\n","protected":false},"author":1,"featured_media":0,"parent":0,"menu_order":0,"comment_status":"closed","ping_status":"closed","template":"elementor_header_footer","meta":{"inline_featured_image":false,"footnotes":""},"class_list":["post-250","page","type-page","status-publish","hentry"],"_links":{"self":[{"href":"https:\/\/azconsultora.com.ar\/index.php\/wp-json\/wp\/v2\/pages\/250","targetHints":{"allow":["GET"]}}],"collection":[{"href":"https:\/\/azconsultora.com.ar\/index.php\/wp-json\/wp\/v2\/pages"}],"about":[{"href":"https:\/\/azconsultora.com.ar\/index.php\/wp-json\/wp\/v2\/types\/page"}],"author":[{"embeddable":true,"href":"https:\/\/azconsultora.com.ar\/index.php\/wp-json\/wp\/v2\/users\/1"}],"replies":[{"embeddable":true,"href":"https:\/\/azconsultora.com.ar\/index.php\/wp-json\/wp\/v2\/comments?post=250"}],"version-history":[{"count":10,"href":"https:\/\/azconsultora.com.ar\/index.php\/wp-json\/wp\/v2\/pages\/250\/revisions"}],"predecessor-version":[{"id":301,"href":"https:\/\/azconsultora.com.ar\/index.php\/wp-json\/wp\/v2\/pages\/250\/revisions\/301"}],"wp:attachment":[{"href":"https:\/\/azconsultora.com.ar\/index.php\/wp-json\/wp\/v2\/media?parent=250"}],"curies":[{"name":"wp","href":"https:\/\/api.w.org\/{rel}","templated":true}]}}